{"id":240,"date":"2021-09-10T11:40:46","date_gmt":"2021-09-10T08:40:46","guid":{"rendered":"https:\/\/www.silikajel.net\/?post_type=product&#038;p=240"},"modified":"2024-07-08T22:01:32","modified_gmt":"2024-07-08T19:01:32","slug":"silikajel-1grlik","status":"publish","type":"product","link":"https:\/\/www.silikajel.net\/?product=silikajel-1grlik","title":{"rendered":"Silikajel 1gr&#8217;l\u0131k"},"content":{"rendered":"<h1><strong>Silikajel<\/strong><strong> nem al\u0131c\u0131&nbsp; 1gr\u2019l\u0131k<\/strong><\/h1>\n<h2><strong>Nem Al\u0131c\u0131 Silikajel 1gr ( 1000 adet ) &#8216;lik paketlerde<\/strong><\/h2>\n<h3><strong>1gr\u2019l\u0131k Silikajel kullan\u0131m alanlar\u0131<\/strong><\/h3>\n<ul>\n<li><strong>Alet kutular\u0131<\/strong><\/li>\n<li><strong>Saklama kaplar\u0131<\/strong><\/li>\n<li><strong>Kasalar ve dolab\u0131,<\/strong><\/li>\n<li><strong>G\u00fcm\u00fc\u015f \u00e7ekmece,<\/strong><\/li>\n<li><strong>Ate\u015fli Silahlar,<\/strong><\/li>\n<li><strong>foto\u011fraflar,<\/strong><\/li>\n<li><strong>Kolleksiyon (pul, para vb),<\/strong><\/li>\n<li><strong>\u0130la\u00e7 ve vitaminler,<\/strong><\/li>\n<li><strong>Devre,<\/strong><\/li>\n<li><strong>Belgeler,<\/strong><\/li>\n<li><strong>optik cihazlar,<\/strong><\/li>\n<li><strong>ayakkab\u0131,<\/strong><\/li>\n<li><strong>terlik,<\/strong><\/li>\n<li><strong>deri \u00fcr\u00fcnleri,<\/strong><\/li>\n<li><strong>tekstil, vs.. alan\u0131nda kullan\u0131l\u0131r ..<\/strong><\/li>\n<\/ul>\n","protected":false},"excerpt":{"rendered":"<p><strong>Silikajel Nem al\u0131c\u0131&nbsp; 1gr\u2019l\u0131k 1000 adet\u2019lik paket.&nbsp;<\/strong><\/p>\n","protected":false},"featured_media":243,"comment_status":"open","ping_status":"closed","template":"","meta":{"ngg_post_thumbnail":0},"product_brand":[],"product_cat":[375,460],"product_tag":[399,411,385,426,430,451,444,445,439,446,438,447,448,449,450,456,455,457,459,454,441,452,458,443,440,442,453,389,387,390,392,391,395,394,397,393,406,405,407,403,418,417,402,422,421,419,420,435,429,432,433,437,408,434,404,401,413,416,414,415,388,396,398,410,400,409,381,383,424,423,382,384,425,379,380,427,428,386,431,436,412],"class_list":{"0":"post-240","1":"product","2":"type-product","3":"status-publish","4":"has-post-thumbnail","6":"product_cat-urunler","7":"product_cat-silikajel-nem-alici","8":"product_tag-beyaz-silikajel","9":"product_tag-delta-silikajel","10":"product_tag-indikatorlu","11":"product_tag-merck-silikajel","12":"product_tag-nem-alici-silika-jel","13":"product_tag-nem-alici-500-gr","14":"product_tag-nem-alici-aletler","15":"product_tag-nem-alici-ankara","16":"product_tag-nem-alici-aparat","17":"product_tag-nem-alici-boncuk","18":"product_tag-nem-alici-cihaz","19":"product_tag-nem-alici-desikant","20":"product_tag-nem-alici-fiyatlari","21":"product_tag-nem-alici-granul","22":"product_tag-nem-alici-gtip","23":"product_tag-nem-alici-izmir","24":"product_tag-nem-alici-isicam","25":"product_tag-nem-alici-jel","26":"product_tag-nem-alici-kum","27":"product_tag-nem-alici-malzemeler","28":"product_tag-nem-alici-poset","29":"product_tag-nem-alici-rutubet-giderici","30":"product_tag-nem-alici-silika-jel-fiyat","31":"product_tag-nem-alici-tablet","32":"product_tag-nem-alici-tablet-zararli-mi","33":"product_tag-nem-alici-torba","34":"product_tag-nem-alici-urunler","35":"product_tag-silika-jel-al","36":"product_tag-silika-jel-ankara","37":"product_tag-silika-jel-antalya","38":"product_tag-silika-jel-araba","39":"product_tag-silika-jel-ayakkabi","40":"product_tag-silika-jel-bauhaus","41":"product_tag-silika-jel-boncuk","42":"product_tag-silika-jel-boya","43":"product_tag-silika-jel-bursa","44":"product_tag-silika-jel-cesitleri","45":"product_tag-silika-jel-cicek-kurutma","46":"product_tag-silika-jel-corlu","47":"product_tag-silika-jel-formulu","48":"product_tag-silika-jel-hammaddesi","49":"product_tag-silika-jel-hepsiburada","50":"product_tag-silika-jel-hs-code","51":"product_tag-silika-jel-ikitelli","52":"product_tag-silika-jel-istanbul","53":"product_tag-silika-jel-istoc","54":"product_tag-silika-jel-izmir","55":"product_tag-silika-jel-kimyasal-ozellikleri","56":"product_tag-silika-jel-nem-alici","57":"product_tag-silika-jel-ozellikleri","58":"product_tag-silika-jel-raf-omru","59":"product_tag-silika-jel-satis","60":"product_tag-silika-jel-suda-cozunur-mu","61":"product_tag-silika-jel-teknik-ozellikleri","62":"product_tag-silika-jel-uretimi","63":"product_tag-silika-jel-com","64":"product_tag-silikajel-1-gr","65":"product_tag-silikajel-10-gr","66":"product_tag-silikajel-100-gr","67":"product_tag-silikajel-250-gr","68":"product_tag-silikajel-atik-kodu","69":"product_tag-silikajel-beyaz","70":"product_tag-silikajel-beyaz-nem-alici","71":"product_tag-silikajel-degisimi","72":"product_tag-silikajel-desikator-boncuklari","73":"product_tag-silikajel-dokme","74":"product_tag-silikajel-fiyat","75":"product_tag-silikajel-kabi","76":"product_tag-silikajel-kimya","77":"product_tag-silikajel-kullanim-omru","78":"product_tag-silikajel-market","79":"product_tag-silikajel-mavi","80":"product_tag-silikajel-msds","81":"product_tag-silikajel-nedir","82":"product_tag-silikajel-nem-alici","83":"product_tag-silikajel-nem-alici-nedir","84":"product_tag-silikajel-nem-alma","85":"product_tag-silikajel-nem-tutucu","86":"product_tag-silikajel-online","87":"product_tag-silikajel-paket","88":"product_tag-trafo-silikajel-degisimi","90":"first","91":"instock","92":"shipping-taxable","93":"product-type-simple"},"jetpack_sharing_enabled":true,"_links":{"self":[{"href":"https:\/\/www.silikajel.net\/index.php?rest_route=\/wp\/v2\/product\/240","targetHints":{"allow":["GET"]}}],"collection":[{"href":"https:\/\/www.silikajel.net\/index.php?rest_route=\/wp\/v2\/product"}],"about":[{"href":"https:\/\/www.silikajel.net\/index.php?rest_route=\/wp\/v2\/types\/product"}],"replies":[{"embeddable":true,"href":"https:\/\/www.silikajel.net\/index.php?rest_route=%2Fwp%2Fv2%2Fcomments&post=240"}],"wp:featuredmedia":[{"embeddable":true,"href":"https:\/\/www.silikajel.net\/index.php?rest_route=\/wp\/v2\/media\/243"}],"wp:attachment":[{"href":"https:\/\/www.silikajel.net\/index.php?rest_route=%2Fwp%2Fv2%2Fmedia&parent=240"}],"wp:term":[{"taxonomy":"product_brand","embeddable":true,"href":"https:\/\/www.silikajel.net\/index.php?rest_route=%2Fwp%2Fv2%2Fproduct_brand&post=240"},{"taxonomy":"product_cat","embeddable":true,"href":"https:\/\/www.silikajel.net\/index.php?rest_route=%2Fwp%2Fv2%2Fproduct_cat&post=240"},{"taxonomy":"product_tag","embeddable":true,"href":"https:\/\/www.silikajel.net\/index.php?rest_route=%2Fwp%2Fv2%2Fproduct_tag&post=240"}],"curies":[{"name":"wp","href":"https:\/\/api.w.org\/{rel}","templated":true}]}}