{"id":217,"date":"2021-09-09T16:34:51","date_gmt":"2021-09-09T13:34:51","guid":{"rendered":"https:\/\/www.silikajel.net\/?product=hoodie-with-logo"},"modified":"2024-08-09T21:28:38","modified_gmt":"2024-08-09T18:28:38","slug":"hoodie-with-logo","status":"publish","type":"product","link":"https:\/\/www.silikajel.net\/?product=hoodie-with-logo","title":{"rendered":"Silikajel 0,5gr&#8217;l\u0131k"},"content":{"rendered":"<h2>0,5gr&#8217;l\u0131k silikajel 2000 Adet&#8217;lik paketlerde..<\/h2>\n<h3>Nem Al\u0131c\u0131 Silikajel ( silicagel ) desiccant<br \/>\n\u00d6zel Vakumlu Ambalaj\u0131nda<br \/>\n0,5 \u2013 1 graml\u0131k 1000 Adetlik veya daha fazla Ambalajlarda.<\/h3>\n<ul>\n<li>End\u00fcstriyel hava kurutma sistemleri<\/li>\n<li>Hassas bir\u00e7ok malzemenin g\u00fcvenli ve kuru saklanmas\u0131nda<\/li>\n<li>Rutubet istenmeyen her t\u00fcr ortamda<\/li>\n<li>Trafo<\/li>\n<li>Elektronik \u00dcr\u00fcnlerin korunmas\u0131nda<\/li>\n<li>G\u0131dalar\u0131n korunmas\u0131nda<\/li>\n<li>\u0130la\u00e7lar\u0131n korunmas\u0131nda<\/li>\n<li>Bu \u00fcr\u00fcn Terlik ayakkab\u0131, \u00e7orap, g\u00f6mlek, benzeri tekstil \u00fcr\u00fcnlerin nem ve rutubet \u00f6nlemedeki \u00e7\u00f6z\u00fcmlerinde kullan\u0131m\u0131 uygundur..<\/li>\n<\/ul>\n","protected":false},"excerpt":{"rendered":"<h2>Nem Al\u0131c\u0131 Silikajel 0,5 gr&nbsp; 1000 Adet\u2019lik paketlerde.<\/h2>\n<h3><strong>Paket \u00d6l\u00e7\u00fcleri: 3x2cm<\/strong><\/h3>\n","protected":false},"featured_media":219,"comment_status":"open","ping_status":"closed","template":"","meta":{"ngg_post_thumbnail":0},"product_brand":[],"product_cat":[375,460],"product_tag":[399,411,385,426,430,389,387,390,392,391,395,394,397,393,406,405,407,403,418,417,402,422,421,419,420,435,429,432,433,437,408,434,404,401,413,416,414,415,388,396,398,410,400,409,381,383,424,423,382,384,425,379,380,427,428,386,431,436,412],"class_list":{"0":"post-217","1":"product","2":"type-product","3":"status-publish","4":"has-post-thumbnail","6":"product_cat-urunler","7":"product_cat-silikajel-nem-alici","8":"product_tag-beyaz-silikajel","9":"product_tag-delta-silikajel","10":"product_tag-indikatorlu","11":"product_tag-merck-silikajel","12":"product_tag-nem-alici-silika-jel","13":"product_tag-silika-jel-al","14":"product_tag-silika-jel-ankara","15":"product_tag-silika-jel-antalya","16":"product_tag-silika-jel-araba","17":"product_tag-silika-jel-ayakkabi","18":"product_tag-silika-jel-bauhaus","19":"product_tag-silika-jel-boncuk","20":"product_tag-silika-jel-boya","21":"product_tag-silika-jel-bursa","22":"product_tag-silika-jel-cesitleri","23":"product_tag-silika-jel-cicek-kurutma","24":"product_tag-silika-jel-corlu","25":"product_tag-silika-jel-formulu","26":"product_tag-silika-jel-hammaddesi","27":"product_tag-silika-jel-hepsiburada","28":"product_tag-silika-jel-hs-code","29":"product_tag-silika-jel-ikitelli","30":"product_tag-silika-jel-istanbul","31":"product_tag-silika-jel-istoc","32":"product_tag-silika-jel-izmir","33":"product_tag-silika-jel-kimyasal-ozellikleri","34":"product_tag-silika-jel-nem-alici","35":"product_tag-silika-jel-ozellikleri","36":"product_tag-silika-jel-raf-omru","37":"product_tag-silika-jel-satis","38":"product_tag-silika-jel-suda-cozunur-mu","39":"product_tag-silika-jel-teknik-ozellikleri","40":"product_tag-silika-jel-uretimi","41":"product_tag-silika-jel-com","42":"product_tag-silikajel-1-gr","43":"product_tag-silikajel-10-gr","44":"product_tag-silikajel-100-gr","45":"product_tag-silikajel-250-gr","46":"product_tag-silikajel-atik-kodu","47":"product_tag-silikajel-beyaz","48":"product_tag-silikajel-beyaz-nem-alici","49":"product_tag-silikajel-degisimi","50":"product_tag-silikajel-desikator-boncuklari","51":"product_tag-silikajel-dokme","52":"product_tag-silikajel-fiyat","53":"product_tag-silikajel-kabi","54":"product_tag-silikajel-kimya","55":"product_tag-silikajel-kullanim-omru","56":"product_tag-silikajel-market","57":"product_tag-silikajel-mavi","58":"product_tag-silikajel-msds","59":"product_tag-silikajel-nedir","60":"product_tag-silikajel-nem-alici","61":"product_tag-silikajel-nem-alici-nedir","62":"product_tag-silikajel-nem-alma","63":"product_tag-silikajel-nem-tutucu","64":"product_tag-silikajel-online","65":"product_tag-silikajel-paket","66":"product_tag-trafo-silikajel-degisimi","68":"first","69":"instock","70":"shipping-taxable","71":"product-type-simple"},"jetpack_sharing_enabled":true,"_links":{"self":[{"href":"https:\/\/www.silikajel.net\/index.php?rest_route=\/wp\/v2\/product\/217","targetHints":{"allow":["GET"]}}],"collection":[{"href":"https:\/\/www.silikajel.net\/index.php?rest_route=\/wp\/v2\/product"}],"about":[{"href":"https:\/\/www.silikajel.net\/index.php?rest_route=\/wp\/v2\/types\/product"}],"replies":[{"embeddable":true,"href":"https:\/\/www.silikajel.net\/index.php?rest_route=%2Fwp%2Fv2%2Fcomments&post=217"}],"wp:featuredmedia":[{"embeddable":true,"href":"https:\/\/www.silikajel.net\/index.php?rest_route=\/wp\/v2\/media\/219"}],"wp:attachment":[{"href":"https:\/\/www.silikajel.net\/index.php?rest_route=%2Fwp%2Fv2%2Fmedia&parent=217"}],"wp:term":[{"taxonomy":"product_brand","embeddable":true,"href":"https:\/\/www.silikajel.net\/index.php?rest_route=%2Fwp%2Fv2%2Fproduct_brand&post=217"},{"taxonomy":"product_cat","embeddable":true,"href":"https:\/\/www.silikajel.net\/index.php?rest_route=%2Fwp%2Fv2%2Fproduct_cat&post=217"},{"taxonomy":"product_tag","embeddable":true,"href":"https:\/\/www.silikajel.net\/index.php?rest_route=%2Fwp%2Fv2%2Fproduct_tag&post=217"}],"curies":[{"name":"wp","href":"https:\/\/api.w.org\/{rel}","templated":true}]}}