{"id":5,"date":"2012-08-02T11:05:24","date_gmt":"2012-08-02T08:05:24","guid":{"rendered":"https:\/\/www.silikajel.net\/?page_id=5"},"modified":"2025-05-21T13:24:14","modified_gmt":"2025-05-21T10:24:14","slug":"bize-ulasin","status":"publish","type":"page","link":"https:\/\/www.silikajel.net\/?page_id=5","title":{"rendered":"Bize Ula\u015f\u0131n"},"content":{"rendered":"<h2 style=\"text-align: center;\"><strong>Kimted Kimyevi Maddeler ve T\u0131bbi Malzemeler<br><\/strong><strong>Sanayi ve&nbsp;Ticaret Limited \u015eirketi<\/strong><\/h2>\n<p>K\u0131s\u0131kl\u0131 Mah. Alemda\u011f Yanyol Cad. No:25\/A<br>\u00dcSK\u00dcDAR \/ \u0130STANBUL<\/p>\n<p><strong style=\"color: #333333; font-style: normal; line-height: 24px;\">Gsm: 0 536 445 42 76 &#8211; &nbsp;Bayram \u00c7EVRE<br><\/strong>Fax: 0 216 328 95 92<\/p>\n<p>E.Mail: <a title=\"e.posta g\u00f6ndermek i\u00e7in t\u0131klay\u0131n\u0131z...\" href=\"mailto:kimted@kimted.com\" target=\"_blank\" rel=\"noopener\">kimted@kimted.com<br><\/a> <a title=\"e.posta g\u00f6ndermek i\u00e7in t\u0131klay\u0131n\u0131z...\" href=\"mailto:kimted@kimted.com\" target=\"_blank\" rel=\"noopener\">bayramcevre@hotmail.com<\/a><\/p>\n<p>&nbsp;<\/p><iframe src=\"https:\/\/www.google.com\/maps\/embed?pb=!1m18!1m12!1m3!1d3010.0208531309627!2d29.07822547593223!3d41.02479971840765!2m3!1f0!2f0!3f0!3m2!1i1024!2i768!4f13.1!3m3!1m2!1s0x14cac9da7b200119%3A0x360bb322f11f28e4!2sKimted%20Limited%20%C5%9Eirketi%20(MERKEZ)!5e0!3m2!1str!2str!4v1747822443778!5m2!1str!2str\" width=\"600\" height=\"450\" style=\"border:0;\" allowfullscreen=\"\" loading=\"lazy\" referrerpolicy=\"no-referrer-when-downgrade\"><\/iframe>","protected":false},"excerpt":{"rendered":"<p>Kimted Kimyevi Maddeler ve T\u0131bbi MalzemelerSanayi ve&nbsp;Ticaret Limited \u015eirketi K\u0131s\u0131kl\u0131 Mah. Alemda\u011f Yanyol Cad. No:25\/A\u00dcSK\u00dcDAR \/ \u0130STANBUL Gsm: 0 536 445 42 76 &#8211; &nbsp;Bayram \u00c7EVREFax: 0 216 328 95 92 E.Mail: kimted@kimted.com bayramcevre@hotmail.com &nbsp;<\/p>\n","protected":false},"author":1,"featured_media":6,"parent":0,"menu_order":0,"comment_status":"open","ping_status":"open","template":"","meta":{"ngg_post_thumbnail":0,"footnotes":""},"class_list":["post-5","page","type-page","status-publish","has-post-thumbnail","hentry"],"jetpack_sharing_enabled":true,"_links":{"self":[{"href":"https:\/\/www.silikajel.net\/index.php?rest_route=\/wp\/v2\/pages\/5","targetHints":{"allow":["GET"]}}],"collection":[{"href":"https:\/\/www.silikajel.net\/index.php?rest_route=\/wp\/v2\/pages"}],"about":[{"href":"https:\/\/www.silikajel.net\/index.php?rest_route=\/wp\/v2\/types\/page"}],"author":[{"embeddable":true,"href":"https:\/\/www.silikajel.net\/index.php?rest_route=\/wp\/v2\/users\/1"}],"replies":[{"embeddable":true,"href":"https:\/\/www.silikajel.net\/index.php?rest_route=%2Fwp%2Fv2%2Fcomments&post=5"}],"version-history":[{"count":5,"href":"https:\/\/www.silikajel.net\/index.php?rest_route=\/wp\/v2\/pages\/5\/revisions"}],"predecessor-version":[{"id":296,"href":"https:\/\/www.silikajel.net\/index.php?rest_route=\/wp\/v2\/pages\/5\/revisions\/296"}],"wp:featuredmedia":[{"embeddable":true,"href":"https:\/\/www.silikajel.net\/index.php?rest_route=\/wp\/v2\/media\/6"}],"wp:attachment":[{"href":"https:\/\/www.silikajel.net\/index.php?rest_route=%2Fwp%2Fv2%2Fmedia&parent=5"}],"curies":[{"name":"wp","href":"https:\/\/api.w.org\/{rel}","templated":true}]}}